{"id":126,"date":"2019-02-21T20:15:08","date_gmt":"2019-02-21T20:15:08","guid":{"rendered":"http:\/\/pzw-szczawnica.pl\/?page_id=126"},"modified":"2020-02-10T17:45:59","modified_gmt":"2020-02-10T17:45:59","slug":"wyniki-podlodowych-zawodow","status":"publish","type":"page","link":"https:\/\/pzw-szczawnica.pl\/index.php\/archiwum\/2019-2\/wyniki-podlodowych-zawodow\/","title":{"rendered":"Wyniki Podlodowych Zawod\u00f3w"},"content":{"rendered":"<p>Mro\u017any, mglisty poranek przywita\u0142 w\u0119dkarzy, kt\u00f3rzy rozpocz\u0119li zmagania w czasie podlodowych zawod\u00f3w Ko\u0142a PZW Szczawnica, kt\u00f3re mia\u0142y miejsce 17 lutego 2019 roku.<\/p>\n<p><img loading=\"lazy\" decoding=\"async\" class=\"alignnone wp-image-129 size-large\" src=\"https:\/\/pzw-szczawnica.pl\/wp-content\/uploads\/2019\/02\/52386869_1883777845065208_914344244636811264_n-768x1024.jpg\" alt=\"\" width=\"625\" height=\"833\" srcset=\"https:\/\/pzw-szczawnica.pl\/wp-content\/uploads\/2019\/02\/52386869_1883777845065208_914344244636811264_n-768x1024.jpg 768w, https:\/\/pzw-szczawnica.pl\/wp-content\/uploads\/2019\/02\/52386869_1883777845065208_914344244636811264_n-225x300.jpg 225w, https:\/\/pzw-szczawnica.pl\/wp-content\/uploads\/2019\/02\/52386869_1883777845065208_914344244636811264_n-624x832.jpg 624w, https:\/\/pzw-szczawnica.pl\/wp-content\/uploads\/2019\/02\/52386869_1883777845065208_914344244636811264_n.jpg 1536w\" sizes=\"auto, (max-width: 625px) 100vw, 625px\" \/><br \/>\nMiejscem zawod\u00f3w by\u0142o Jezioro Czorszty\u0144skie, a dok\u0142adnie zatoka Kluszkowce.<\/p>\n<p><img loading=\"lazy\" decoding=\"async\" class=\"alignnone wp-image-131 size-large\" src=\"https:\/\/pzw-szczawnica.pl\/wp-content\/uploads\/2019\/02\/foto-008-1024x576.jpg\" alt=\"\" width=\"625\" height=\"352\" srcset=\"https:\/\/pzw-szczawnica.pl\/wp-content\/uploads\/2019\/02\/foto-008-1024x576.jpg 1024w, https:\/\/pzw-szczawnica.pl\/wp-content\/uploads\/2019\/02\/foto-008-300x169.jpg 300w, https:\/\/pzw-szczawnica.pl\/wp-content\/uploads\/2019\/02\/foto-008-768x432.jpg 768w, https:\/\/pzw-szczawnica.pl\/wp-content\/uploads\/2019\/02\/foto-008-624x351.jpg 624w\" sizes=\"auto, (max-width: 625px) 100vw, 625px\" \/> <img loading=\"lazy\" decoding=\"async\" class=\"alignnone wp-image-130 size-large\" src=\"https:\/\/pzw-szczawnica.pl\/wp-content\/uploads\/2019\/02\/52605369_1560556294088839_4921235328041222144_n-768x1024.jpg\" alt=\"\" width=\"625\" height=\"833\" srcset=\"https:\/\/pzw-szczawnica.pl\/wp-content\/uploads\/2019\/02\/52605369_1560556294088839_4921235328041222144_n-768x1024.jpg 768w, https:\/\/pzw-szczawnica.pl\/wp-content\/uploads\/2019\/02\/52605369_1560556294088839_4921235328041222144_n-225x300.jpg 225w, https:\/\/pzw-szczawnica.pl\/wp-content\/uploads\/2019\/02\/52605369_1560556294088839_4921235328041222144_n-624x832.jpg 624w, https:\/\/pzw-szczawnica.pl\/wp-content\/uploads\/2019\/02\/52605369_1560556294088839_4921235328041222144_n.jpg 1536w\" sizes=\"auto, (max-width: 625px) 100vw, 625px\" \/> <img loading=\"lazy\" decoding=\"async\" class=\"alignnone wp-image-128 size-large\" src=\"https:\/\/pzw-szczawnica.pl\/wp-content\/uploads\/2019\/02\/52135181_298055410867927_3040764891980890112_n-768x1024.jpg\" alt=\"\" width=\"625\" height=\"833\" srcset=\"https:\/\/pzw-szczawnica.pl\/wp-content\/uploads\/2019\/02\/52135181_298055410867927_3040764891980890112_n-768x1024.jpg 768w, https:\/\/pzw-szczawnica.pl\/wp-content\/uploads\/2019\/02\/52135181_298055410867927_3040764891980890112_n-225x300.jpg 225w, https:\/\/pzw-szczawnica.pl\/wp-content\/uploads\/2019\/02\/52135181_298055410867927_3040764891980890112_n-624x832.jpg 624w, https:\/\/pzw-szczawnica.pl\/wp-content\/uploads\/2019\/02\/52135181_298055410867927_3040764891980890112_n.jpg 1536w\" sizes=\"auto, (max-width: 625px) 100vw, 625px\" \/> <img loading=\"lazy\" decoding=\"async\" class=\"alignnone wp-image-127 size-large\" src=\"https:\/\/pzw-szczawnica.pl\/wp-content\/uploads\/2019\/02\/51801020_553863651799118_3599156137049456640_n-768x1024.jpg\" alt=\"\" width=\"625\" height=\"833\" srcset=\"https:\/\/pzw-szczawnica.pl\/wp-content\/uploads\/2019\/02\/51801020_553863651799118_3599156137049456640_n-768x1024.jpg 768w, https:\/\/pzw-szczawnica.pl\/wp-content\/uploads\/2019\/02\/51801020_553863651799118_3599156137049456640_n-225x300.jpg 225w, https:\/\/pzw-szczawnica.pl\/wp-content\/uploads\/2019\/02\/51801020_553863651799118_3599156137049456640_n-624x832.jpg 624w, https:\/\/pzw-szczawnica.pl\/wp-content\/uploads\/2019\/02\/51801020_553863651799118_3599156137049456640_n.jpg 1536w\" sizes=\"auto, (max-width: 625px) 100vw, 625px\" \/><\/p>\n<p>Dwana\u015bcie os\u00f3b zacz\u0119\u0142o \u0142owi\u0107. Jak tylko wysz\u0142o s\u0142o\u0144ce, temperatura wzros\u0142a i mo\u017cna powiedzie\u0107 warunki by\u0142y przyjazne dla w\u0119dkarzy. Ryba te\u017c wsp\u00f3\u0142pracowa\u0142a i wyniki by\u0142y niez\u0142e. Finalnie tylko trzy osoby nie z\u0142owi\u0142y ryby.<\/p>\n<p>Odby\u0142a si\u0119 tylko jedna tura, a po niej zwa\u017cono ryby, kt\u00f3re p\u00f3\u017aniej wr\u00f3ci\u0142y do wody.<\/p>\n<p><img loading=\"lazy\" decoding=\"async\" class=\"alignnone wp-image-133 size-large\" src=\"https:\/\/pzw-szczawnica.pl\/wp-content\/uploads\/2019\/02\/foto-011-1024x576.jpg\" alt=\"\" width=\"625\" height=\"352\" srcset=\"https:\/\/pzw-szczawnica.pl\/wp-content\/uploads\/2019\/02\/foto-011-1024x576.jpg 1024w, https:\/\/pzw-szczawnica.pl\/wp-content\/uploads\/2019\/02\/foto-011-300x169.jpg 300w, https:\/\/pzw-szczawnica.pl\/wp-content\/uploads\/2019\/02\/foto-011-768x432.jpg 768w, https:\/\/pzw-szczawnica.pl\/wp-content\/uploads\/2019\/02\/foto-011-624x351.jpg 624w\" sizes=\"auto, (max-width: 625px) 100vw, 625px\" \/> <img loading=\"lazy\" decoding=\"async\" class=\"alignnone wp-image-132 size-large\" src=\"https:\/\/pzw-szczawnica.pl\/wp-content\/uploads\/2019\/02\/foto-010-1024x576.jpg\" alt=\"\" width=\"625\" height=\"352\" srcset=\"https:\/\/pzw-szczawnica.pl\/wp-content\/uploads\/2019\/02\/foto-010-1024x576.jpg 1024w, https:\/\/pzw-szczawnica.pl\/wp-content\/uploads\/2019\/02\/foto-010-300x169.jpg 300w, https:\/\/pzw-szczawnica.pl\/wp-content\/uploads\/2019\/02\/foto-010-768x432.jpg 768w, https:\/\/pzw-szczawnica.pl\/wp-content\/uploads\/2019\/02\/foto-010-624x351.jpg 624w\" sizes=\"auto, (max-width: 625px) 100vw, 625px\" \/> <img loading=\"lazy\" decoding=\"async\" class=\"alignnone wp-image-134 size-large\" src=\"https:\/\/pzw-szczawnica.pl\/wp-content\/uploads\/2019\/02\/foto-012-1024x576.jpg\" alt=\"\" width=\"625\" height=\"352\" srcset=\"https:\/\/pzw-szczawnica.pl\/wp-content\/uploads\/2019\/02\/foto-012-1024x576.jpg 1024w, https:\/\/pzw-szczawnica.pl\/wp-content\/uploads\/2019\/02\/foto-012-300x169.jpg 300w, https:\/\/pzw-szczawnica.pl\/wp-content\/uploads\/2019\/02\/foto-012-768x432.jpg 768w, https:\/\/pzw-szczawnica.pl\/wp-content\/uploads\/2019\/02\/foto-012-624x351.jpg 624w\" sizes=\"auto, (max-width: 625px) 100vw, 625px\" \/> <img loading=\"lazy\" decoding=\"async\" class=\"alignnone wp-image-135 size-large\" src=\"https:\/\/pzw-szczawnica.pl\/wp-content\/uploads\/2019\/02\/foto-016-1024x576.jpg\" alt=\"\" width=\"625\" height=\"352\" srcset=\"https:\/\/pzw-szczawnica.pl\/wp-content\/uploads\/2019\/02\/foto-016-1024x576.jpg 1024w, https:\/\/pzw-szczawnica.pl\/wp-content\/uploads\/2019\/02\/foto-016-300x169.jpg 300w, https:\/\/pzw-szczawnica.pl\/wp-content\/uploads\/2019\/02\/foto-016-768x432.jpg 768w, https:\/\/pzw-szczawnica.pl\/wp-content\/uploads\/2019\/02\/foto-016-624x351.jpg 624w\" sizes=\"auto, (max-width: 625px) 100vw, 625px\" \/><\/p>\n<p>Oto zwyci\u0119zcy zawod\u00f3w:<\/p>\n<p>I miejsce \u2013 Artur Kaliciecki 4193 g<\/p>\n<p>II miejsce \u2013 Micha\u0142 Ciesielka 1927 g<\/p>\n<p>III miejsce \u2013 Marcin Bogusz 1244 g<\/p>\n<p><img loading=\"lazy\" decoding=\"async\" class=\"alignnone wp-image-137 size-large\" src=\"https:\/\/pzw-szczawnica.pl\/wp-content\/uploads\/2019\/02\/foto-023-797x1024.jpg\" alt=\"\" width=\"625\" height=\"803\" srcset=\"https:\/\/pzw-szczawnica.pl\/wp-content\/uploads\/2019\/02\/foto-023-797x1024.jpg 797w, https:\/\/pzw-szczawnica.pl\/wp-content\/uploads\/2019\/02\/foto-023-234x300.jpg 234w, https:\/\/pzw-szczawnica.pl\/wp-content\/uploads\/2019\/02\/foto-023-768x987.jpg 768w, https:\/\/pzw-szczawnica.pl\/wp-content\/uploads\/2019\/02\/foto-023-624x802.jpg 624w, https:\/\/pzw-szczawnica.pl\/wp-content\/uploads\/2019\/02\/foto-023.jpg 1440w\" sizes=\"auto, (max-width: 625px) 100vw, 625px\" \/><\/p>\n<p>Poza podium znale\u017ali si\u0119:<\/p>\n<p>IV miejsce \u2013 Krzysztof Niezgoda 1130 g<\/p>\n<p>V miejsce \u2013 Janusz Krupa 1091 g<\/p>\n<p>VI miejsce \u2013 Piotr Krupa 1004 g<\/p>\n<p>VII miejsce \u2013 Marek Krupa 583 g<\/p>\n<p>VIII miejsce \u2013 Piotr Kurnyta 371 g<\/p>\n<p>IX miejsce \u2013 Andrzej Kurnyta 227 g<\/p>\n<p><img loading=\"lazy\" decoding=\"async\" class=\"alignnone wp-image-136 size-large\" src=\"https:\/\/pzw-szczawnica.pl\/wp-content\/uploads\/2019\/02\/foto-020-1024x576.jpg\" alt=\"\" width=\"625\" height=\"352\" srcset=\"https:\/\/pzw-szczawnica.pl\/wp-content\/uploads\/2019\/02\/foto-020-1024x576.jpg 1024w, https:\/\/pzw-szczawnica.pl\/wp-content\/uploads\/2019\/02\/foto-020-300x169.jpg 300w, https:\/\/pzw-szczawnica.pl\/wp-content\/uploads\/2019\/02\/foto-020-768x432.jpg 768w, https:\/\/pzw-szczawnica.pl\/wp-content\/uploads\/2019\/02\/foto-020-624x351.jpg 624w\" sizes=\"auto, (max-width: 625px) 100vw, 625px\" \/><\/p>\n<p>Ju\u017c dzi\u015b zapraszamy na kolejne zawody Ko\u0142a PZW Szczawnica.<\/p>\n","protected":false},"excerpt":{"rendered":"<p>Mro\u017any, mglisty poranek przywita\u0142 w\u0119dkarzy, kt\u00f3rzy rozpocz\u0119li zmagania w czasie podlodowych zawod\u00f3w Ko\u0142a PZW Szczawnica, kt\u00f3re mia\u0142y miejsce 17 lutego 2019 roku. Miejscem zawod\u00f3w by\u0142o Jezioro Czorszty\u0144skie, a dok\u0142adnie zatoka Kluszkowce. Dwana\u015bcie os\u00f3b zacz\u0119\u0142o \u0142owi\u0107. Jak tylko wysz\u0142o s\u0142o\u0144ce, temperatura wzros\u0142a i mo\u017cna powiedzie\u0107 warunki by\u0142y przyjazne dla w\u0119dkarzy. Ryba te\u017c wsp\u00f3\u0142pracowa\u0142a i wyniki by\u0142y [&hellip;]<\/p>\n","protected":false},"author":1,"featured_media":0,"parent":273,"menu_order":19,"comment_status":"closed","ping_status":"closed","template":"","meta":{"footnotes":""},"class_list":["post-126","page","type-page","status-publish","hentry"],"_links":{"self":[{"href":"https:\/\/pzw-szczawnica.pl\/index.php\/wp-json\/wp\/v2\/pages\/126","targetHints":{"allow":["GET"]}}],"collection":[{"href":"https:\/\/pzw-szczawnica.pl\/index.php\/wp-json\/wp\/v2\/pages"}],"about":[{"href":"https:\/\/pzw-szczawnica.pl\/index.php\/wp-json\/wp\/v2\/types\/page"}],"author":[{"embeddable":true,"href":"https:\/\/pzw-szczawnica.pl\/index.php\/wp-json\/wp\/v2\/users\/1"}],"replies":[{"embeddable":true,"href":"https:\/\/pzw-szczawnica.pl\/index.php\/wp-json\/wp\/v2\/comments?post=126"}],"version-history":[{"count":1,"href":"https:\/\/pzw-szczawnica.pl\/index.php\/wp-json\/wp\/v2\/pages\/126\/revisions"}],"predecessor-version":[{"id":138,"href":"https:\/\/pzw-szczawnica.pl\/index.php\/wp-json\/wp\/v2\/pages\/126\/revisions\/138"}],"up":[{"embeddable":true,"href":"https:\/\/pzw-szczawnica.pl\/index.php\/wp-json\/wp\/v2\/pages\/273"}],"wp:attachment":[{"href":"https:\/\/pzw-szczawnica.pl\/index.php\/wp-json\/wp\/v2\/media?parent=126"}],"curies":[{"name":"wp","href":"https:\/\/api.w.org\/{rel}","templated":true}]}}