{"id":159,"date":"2019-05-20T19:26:18","date_gmt":"2019-05-20T19:26:18","guid":{"rendered":"http:\/\/pzw-szczawnica.pl\/?page_id=159"},"modified":"2020-02-10T17:45:44","modified_gmt":"2020-02-10T17:45:44","slug":"wyniki-splawikowych-mistrzostw-kola","status":"publish","type":"page","link":"https:\/\/pzw-szczawnica.pl\/index.php\/archiwum\/2019-2\/wyniki-splawikowych-mistrzostw-kola\/","title":{"rendered":"Wyniki Sp\u0142awikowych Mistrzostw Ko\u0142a"},"content":{"rendered":"<p>W dniu 12 maja 2019 roku na Stawach Stad\u0142a, kt\u00f3re nale\u017c\u0105 do Ko\u0142a nr 33 w Starym S\u0105czu, odby\u0142y si\u0119 Sp\u0142awikowe Mistrzostwa Ko\u0142a. W zawodach uczestniczy\u0142o 10 os\u00f3b.<\/p>\n<p><img loading=\"lazy\" decoding=\"async\" class=\"wp-image-160 size-large\" src=\"https:\/\/pzw-szczawnica.pl\/wp-content\/uploads\/2019\/05\/foto-128-1024x768.jpg\" alt=\"\" width=\"625\" height=\"469\" srcset=\"https:\/\/pzw-szczawnica.pl\/wp-content\/uploads\/2019\/05\/foto-128.jpg 1024w, https:\/\/pzw-szczawnica.pl\/wp-content\/uploads\/2019\/05\/foto-128-300x225.jpg 300w, https:\/\/pzw-szczawnica.pl\/wp-content\/uploads\/2019\/05\/foto-128-768x576.jpg 768w, https:\/\/pzw-szczawnica.pl\/wp-content\/uploads\/2019\/05\/foto-128-624x468.jpg 624w\" sizes=\"auto, (max-width: 625px) 100vw, 625px\" \/><\/p>\n<p><img loading=\"lazy\" decoding=\"async\" class=\"wp-image-161 size-large\" src=\"https:\/\/pzw-szczawnica.pl\/wp-content\/uploads\/2019\/05\/foto-124-1024x768.jpg\" alt=\"\" width=\"625\" height=\"469\" srcset=\"https:\/\/pzw-szczawnica.pl\/wp-content\/uploads\/2019\/05\/foto-124.jpg 1024w, https:\/\/pzw-szczawnica.pl\/wp-content\/uploads\/2019\/05\/foto-124-300x225.jpg 300w, https:\/\/pzw-szczawnica.pl\/wp-content\/uploads\/2019\/05\/foto-124-768x576.jpg 768w, https:\/\/pzw-szczawnica.pl\/wp-content\/uploads\/2019\/05\/foto-124-624x468.jpg 624w\" sizes=\"auto, (max-width: 625px) 100vw, 625px\" \/><\/p>\n<p>&nbsp;<\/p>\n<p>Oto wyniki:<\/p>\n<p>I miejsce &#8211; <strong>Pawe\u0142 Kaput<\/strong> (0,87 kg)<\/p>\n<p>II miejsce &#8211;<strong> Janusz Krupa<\/strong> (0,67 kg)<\/p>\n<p>III miejsce &#8211; <strong>Marek Krupa<\/strong> (0,63 kg)<\/p>\n<p>&nbsp;<\/p>\n<p>Poza podium znale\u017ali si\u0119:<\/p>\n<p>IV miejsce &#8211; Krzysztof Niezgoda (0,60 kg)<\/p>\n<p>V miejsce &#8211; Micha\u0142 Ciesielka (0,31 kg)<\/p>\n<p>VI miejsce &#8211; Zygmunt Bieniek (0,28 kg)<\/p>\n<p>VII miejsce &#8211; Damian Kud\u0142acz (0,18 kg)<\/p>\n<p>VIII miejsce &#8211; Marcin Bogusz (0,15 kg)<\/p>\n<p>&nbsp;<\/p>\n<p>Ju\u017c niebawem odb\u0119d\u0105 si\u0119 nast\u0119pne zawody organizowane przez nasze Ko\u0142o, na kt\u00f3re ju\u017c dzi\u015b serdecznie zapraszamy.<\/p>\n<p align=\"CENTER\"><span style=\"font-size: xx-large;\">\u00a0<\/span><\/p>\n","protected":false},"excerpt":{"rendered":"<p>W dniu 12 maja 2019 roku na Stawach Stad\u0142a, kt\u00f3re nale\u017c\u0105 do Ko\u0142a nr 33 w Starym S\u0105czu, odby\u0142y si\u0119 Sp\u0142awikowe Mistrzostwa Ko\u0142a. W zawodach uczestniczy\u0142o 10 os\u00f3b. &nbsp; Oto wyniki: I miejsce &#8211; Pawe\u0142 Kaput (0,87 kg) II miejsce &#8211; Janusz Krupa (0,67 kg) III miejsce &#8211; Marek Krupa (0,63 kg) &nbsp; Poza podium [&hellip;]<\/p>\n","protected":false},"author":1,"featured_media":0,"parent":273,"menu_order":18,"comment_status":"closed","ping_status":"closed","template":"","meta":{"footnotes":""},"class_list":["post-159","page","type-page","status-publish","hentry"],"_links":{"self":[{"href":"https:\/\/pzw-szczawnica.pl\/index.php\/wp-json\/wp\/v2\/pages\/159","targetHints":{"allow":["GET"]}}],"collection":[{"href":"https:\/\/pzw-szczawnica.pl\/index.php\/wp-json\/wp\/v2\/pages"}],"about":[{"href":"https:\/\/pzw-szczawnica.pl\/index.php\/wp-json\/wp\/v2\/types\/page"}],"author":[{"embeddable":true,"href":"https:\/\/pzw-szczawnica.pl\/index.php\/wp-json\/wp\/v2\/users\/1"}],"replies":[{"embeddable":true,"href":"https:\/\/pzw-szczawnica.pl\/index.php\/wp-json\/wp\/v2\/comments?post=159"}],"version-history":[{"count":4,"href":"https:\/\/pzw-szczawnica.pl\/index.php\/wp-json\/wp\/v2\/pages\/159\/revisions"}],"predecessor-version":[{"id":165,"href":"https:\/\/pzw-szczawnica.pl\/index.php\/wp-json\/wp\/v2\/pages\/159\/revisions\/165"}],"up":[{"embeddable":true,"href":"https:\/\/pzw-szczawnica.pl\/index.php\/wp-json\/wp\/v2\/pages\/273"}],"wp:attachment":[{"href":"https:\/\/pzw-szczawnica.pl\/index.php\/wp-json\/wp\/v2\/media?parent=159"}],"curies":[{"name":"wp","href":"https:\/\/api.w.org\/{rel}","templated":true}]}}