{"id":19,"date":"2023-03-15T18:17:17","date_gmt":"2023-03-15T18:17:17","guid":{"rendered":"https:\/\/pzw-szczawnica.pl\/?page_id=19"},"modified":"2023-03-15T18:17:17","modified_gmt":"2023-03-15T18:17:17","slug":"zarzad-kola","status":"publish","type":"page","link":"https:\/\/pzw-szczawnica.pl\/index.php\/zarzad-kola\/","title":{"rendered":"Zarz\u0105d ko\u0142a"},"content":{"rendered":"<p><strong><em><span style=\"text-decoration: underline;\">\u00adZarz\u0105d Ko\u0142a PZW Szczawnica: <\/span><\/em><\/strong><\/p>\n<p>Prezes Ko\u0142a &#8211; Pawe\u0142 Kaput&nbsp;<\/p>\n<p>V-ce Prezes &#8211; Wojciech Kud\u0142acz&nbsp;<\/p>\n<p>Gospodarz &#8211; Artur Kaliciecki&nbsp;<\/p>\n<p>Sekretarz &#8211; Grzegorz Mszanik<\/p>\n<p>Skarbnik &#8211; Grzegorz Mszanik<\/p>\n<p>Cz\u0142onek zarz\u0105du &#8211; Maciej Salwierz<\/p>\n<p>Cz\u0142onek zarz\u0105du &#8211; Rafa\u0142 Gawlyta&nbsp;<\/p>\n<p>Cz\u0142onek zarz\u0105du &#8211; Krzysztof Niezgoda&nbsp;<\/p>\n<p>Cz\u0142onek zarz\u0105du &#8211; Damian Kud\u0142acz&nbsp;<\/p>\n<p><\/p>\n<p><span style=\"text-decoration: underline;\"><strong>Komendant Spo\u0142ecznej Stra\u017cy Rybackiej<\/strong><\/span><\/p>\n<p><\/p>\n<p><span style=\"text-decoration: underline;\"><strong>Sk\u0142ad Komisji Rewizyjnej:<\/strong><\/span><\/p>\n<p>Marek Krupa<\/p>\n<p><span style=\"text-decoration: underline;\"><strong>Sk\u0142ad S\u0105du Kole\u017ce\u0144skiego:<\/strong><\/span><\/p>\n<p>Przewodnicz\u0105cy &#8211; Krzysztof Salwierz&nbsp;<\/p>\n<p><\/p>\n\n\n<p><\/p>\n","protected":false},"excerpt":{"rendered":"<p>\u00adZarz\u0105d Ko\u0142a PZW Szczawnica: Prezes Ko\u0142a &#8211; Pawe\u0142 Kaput&nbsp; V-ce Prezes &#8211; Wojciech Kud\u0142acz&nbsp; Gospodarz &#8211; Artur Kaliciecki&nbsp; Sekretarz &#8211; Grzegorz Mszanik Skarbnik &#8211; Grzegorz Mszanik Cz\u0142onek zarz\u0105du &#8211; Maciej Salwierz Cz\u0142onek zarz\u0105du &#8211; Rafa\u0142 Gawlyta&nbsp; Cz\u0142onek zarz\u0105du &#8211; Krzysztof Niezgoda&nbsp; Cz\u0142onek zarz\u0105du &#8211; Damian Kud\u0142acz&nbsp; Komendant Spo\u0142ecznej Stra\u017cy Rybackiej Sk\u0142ad Komisji Rewizyjnej: Marek Krupa [&hellip;]<\/p>\n","protected":false},"author":1,"featured_media":0,"parent":0,"menu_order":0,"comment_status":"closed","ping_status":"closed","template":"","meta":{"footnotes":""},"class_list":["post-19","page","type-page","status-publish","hentry"],"_links":{"self":[{"href":"https:\/\/pzw-szczawnica.pl\/index.php\/wp-json\/wp\/v2\/pages\/19","targetHints":{"allow":["GET"]}}],"collection":[{"href":"https:\/\/pzw-szczawnica.pl\/index.php\/wp-json\/wp\/v2\/pages"}],"about":[{"href":"https:\/\/pzw-szczawnica.pl\/index.php\/wp-json\/wp\/v2\/types\/page"}],"author":[{"embeddable":true,"href":"https:\/\/pzw-szczawnica.pl\/index.php\/wp-json\/wp\/v2\/users\/1"}],"replies":[{"embeddable":true,"href":"https:\/\/pzw-szczawnica.pl\/index.php\/wp-json\/wp\/v2\/comments?post=19"}],"version-history":[{"count":1,"href":"https:\/\/pzw-szczawnica.pl\/index.php\/wp-json\/wp\/v2\/pages\/19\/revisions"}],"predecessor-version":[{"id":20,"href":"https:\/\/pzw-szczawnica.pl\/index.php\/wp-json\/wp\/v2\/pages\/19\/revisions\/20"}],"wp:attachment":[{"href":"https:\/\/pzw-szczawnica.pl\/index.php\/wp-json\/wp\/v2\/media?parent=19"}],"curies":[{"name":"wp","href":"https:\/\/api.w.org\/{rel}","templated":true}]}}