{"id":226,"date":"2019-09-28T21:03:57","date_gmt":"2019-09-28T21:03:57","guid":{"rendered":"http:\/\/pzw-szczawnica.pl\/?page_id=226"},"modified":"2020-02-10T17:44:37","modified_gmt":"2020-02-10T17:44:37","slug":"wyniki-z-zawodow-o-puchar-gospodarza-kola","status":"publish","type":"page","link":"https:\/\/pzw-szczawnica.pl\/index.php\/archiwum\/2019-2\/wyniki-z-zawodow-o-puchar-gospodarza-kola\/","title":{"rendered":"Wyniki z Zawod\u00f3w o Puchar Gospodarza Ko\u0142a"},"content":{"rendered":"<p>W dniu 11.08.br odby\u0142y si\u0119 Zawody o Puchar Gospodarza Ko\u0142a. Miejscem \u0142owienia by\u0142y stawy Stad\u0142a. Bardzo ma\u0142o os\u00f3b uczestniczy\u0142o w tych zawodach.<\/p>\n<p><span style=\"text-decoration: underline;\">Oto wyniki:<\/span><\/p>\n<p><strong>I miejsce<\/strong> &#8211; Marek Krupa (3,47 kg)<\/p>\n<p><strong>II miejsce<\/strong> &#8211; Andrzej R\u00f3g (2,53 kg)<\/p>\n<p><strong>III miejsce<\/strong> &#8211; Piotr Krupa (2,03 kg)<\/p>\n<p><strong>IV miejsce<\/strong> &#8211; Andrzej Kurnyta (0,10 kg)<\/p>\n<p><img loading=\"lazy\" decoding=\"async\" class=\"alignnone size-thumbnail wp-image-228\" src=\"https:\/\/pzw-szczawnica.pl\/wp-content\/uploads\/2019\/09\/IMG_20190811_181656-150x150.jpg\" alt=\"\" width=\"150\" height=\"150\" \/><\/p>\n","protected":false},"excerpt":{"rendered":"<p>W dniu 11.08.br odby\u0142y si\u0119 Zawody o Puchar Gospodarza Ko\u0142a. Miejscem \u0142owienia by\u0142y stawy Stad\u0142a. Bardzo ma\u0142o os\u00f3b uczestniczy\u0142o w tych zawodach. Oto wyniki: I miejsce &#8211; Marek Krupa (3,47 kg) II miejsce &#8211; Andrzej R\u00f3g (2,53 kg) III miejsce &#8211; Piotr Krupa (2,03 kg) IV miejsce &#8211; Andrzej Kurnyta (0,10 kg)<\/p>\n","protected":false},"author":1,"featured_media":0,"parent":273,"menu_order":15,"comment_status":"closed","ping_status":"closed","template":"","meta":{"footnotes":""},"class_list":["post-226","page","type-page","status-publish","hentry"],"_links":{"self":[{"href":"https:\/\/pzw-szczawnica.pl\/index.php\/wp-json\/wp\/v2\/pages\/226","targetHints":{"allow":["GET"]}}],"collection":[{"href":"https:\/\/pzw-szczawnica.pl\/index.php\/wp-json\/wp\/v2\/pages"}],"about":[{"href":"https:\/\/pzw-szczawnica.pl\/index.php\/wp-json\/wp\/v2\/types\/page"}],"author":[{"embeddable":true,"href":"https:\/\/pzw-szczawnica.pl\/index.php\/wp-json\/wp\/v2\/users\/1"}],"replies":[{"embeddable":true,"href":"https:\/\/pzw-szczawnica.pl\/index.php\/wp-json\/wp\/v2\/comments?post=226"}],"version-history":[{"count":2,"href":"https:\/\/pzw-szczawnica.pl\/index.php\/wp-json\/wp\/v2\/pages\/226\/revisions"}],"predecessor-version":[{"id":229,"href":"https:\/\/pzw-szczawnica.pl\/index.php\/wp-json\/wp\/v2\/pages\/226\/revisions\/229"}],"up":[{"embeddable":true,"href":"https:\/\/pzw-szczawnica.pl\/index.php\/wp-json\/wp\/v2\/pages\/273"}],"wp:attachment":[{"href":"https:\/\/pzw-szczawnica.pl\/index.php\/wp-json\/wp\/v2\/media?parent=226"}],"curies":[{"name":"wp","href":"https:\/\/api.w.org\/{rel}","templated":true}]}}