{"id":231,"date":"2019-09-28T21:52:25","date_gmt":"2019-09-28T21:52:25","guid":{"rendered":"http:\/\/pzw-szczawnica.pl\/?page_id=231"},"modified":"2020-02-10T17:44:19","modified_gmt":"2020-02-10T17:44:19","slug":"wyniki-muchowych-mistrzostw-kola","status":"publish","type":"page","link":"https:\/\/pzw-szczawnica.pl\/index.php\/archiwum\/2019-2\/wyniki-muchowych-mistrzostw-kola\/","title":{"rendered":"Wyniki Muchowych Mistrzostw Ko\u0142a"},"content":{"rendered":"<p>Osiemnastego sierpnia mia\u0142y miejsce Muchowe Mistrzostwa Ko\u0142a. Miejscem \u0142owienia by\u0142 Odcinek Specjalny.<\/p>\n<p>&nbsp;<\/p>\n","protected":false},"excerpt":{"rendered":"<p>Osiemnastego sierpnia mia\u0142y miejsce Muchowe Mistrzostwa Ko\u0142a. Miejscem \u0142owienia by\u0142 Odcinek Specjalny. &nbsp;<\/p>\n","protected":false},"author":1,"featured_media":0,"parent":273,"menu_order":14,"comment_status":"closed","ping_status":"closed","template":"","meta":{"footnotes":""},"class_list":["post-231","page","type-page","status-publish","hentry"],"_links":{"self":[{"href":"https:\/\/pzw-szczawnica.pl\/index.php\/wp-json\/wp\/v2\/pages\/231","targetHints":{"allow":["GET"]}}],"collection":[{"href":"https:\/\/pzw-szczawnica.pl\/index.php\/wp-json\/wp\/v2\/pages"}],"about":[{"href":"https:\/\/pzw-szczawnica.pl\/index.php\/wp-json\/wp\/v2\/types\/page"}],"author":[{"embeddable":true,"href":"https:\/\/pzw-szczawnica.pl\/index.php\/wp-json\/wp\/v2\/users\/1"}],"replies":[{"embeddable":true,"href":"https:\/\/pzw-szczawnica.pl\/index.php\/wp-json\/wp\/v2\/comments?post=231"}],"version-history":[{"count":1,"href":"https:\/\/pzw-szczawnica.pl\/index.php\/wp-json\/wp\/v2\/pages\/231\/revisions"}],"predecessor-version":[{"id":232,"href":"https:\/\/pzw-szczawnica.pl\/index.php\/wp-json\/wp\/v2\/pages\/231\/revisions\/232"}],"up":[{"embeddable":true,"href":"https:\/\/pzw-szczawnica.pl\/index.php\/wp-json\/wp\/v2\/pages\/273"}],"wp:attachment":[{"href":"https:\/\/pzw-szczawnica.pl\/index.php\/wp-json\/wp\/v2\/media?parent=231"}],"curies":[{"name":"wp","href":"https:\/\/api.w.org\/{rel}","templated":true}]}}