{"id":233,"date":"2019-10-05T15:58:13","date_gmt":"2019-10-05T15:58:13","guid":{"rendered":"http:\/\/pzw-szczawnica.pl\/?page_id=233"},"modified":"2020-02-10T17:44:05","modified_gmt":"2020-02-10T17:44:05","slug":"wyniki-gruntowych-zawodow","status":"publish","type":"page","link":"https:\/\/pzw-szczawnica.pl\/index.php\/archiwum\/2019-2\/wyniki-gruntowych-zawodow\/","title":{"rendered":"Wyniki gruntowych zawod\u00f3w"},"content":{"rendered":"<p>W dniu 15 wrze\u015bnia nasi w\u0119dkarze z Ko\u0142a brali udzia\u0142 w Gruntowych Zawodach, kt\u00f3re odbywa\u0142y si\u0119 na Stawach Ko\u0142a nr 33 w Starym S\u0105czu. W zawodach bra\u0142o udzia\u0142 8 os\u00f3b. \u0141owione ryby l\u0105dowa\u0142y w siatkach, wyj\u0105tkiem by\u0142y jesiotry, kt\u00f3re od razu po zwa\u017ceniu l\u0105dowa\u0142y w wodzie. W trakcie zawod\u00f3w w\u0119dkarze zjedli obiad.<\/p>\n<p><img loading=\"lazy\" decoding=\"async\" class=\"alignnone wp-image-235 size-large\" src=\"https:\/\/pzw-szczawnica.pl\/wp-content\/uploads\/2019\/10\/20190915_161512-1024x576.jpg\" alt=\"\" width=\"625\" height=\"352\" srcset=\"https:\/\/pzw-szczawnica.pl\/wp-content\/uploads\/2019\/10\/20190915_161512-1024x576.jpg 1024w, https:\/\/pzw-szczawnica.pl\/wp-content\/uploads\/2019\/10\/20190915_161512-300x169.jpg 300w, https:\/\/pzw-szczawnica.pl\/wp-content\/uploads\/2019\/10\/20190915_161512-768x432.jpg 768w, https:\/\/pzw-szczawnica.pl\/wp-content\/uploads\/2019\/10\/20190915_161512-624x351.jpg 624w\" sizes=\"auto, (max-width: 625px) 100vw, 625px\" \/><\/p>\n<p><img loading=\"lazy\" decoding=\"async\" class=\"alignnone wp-image-236 size-large\" src=\"https:\/\/pzw-szczawnica.pl\/wp-content\/uploads\/2019\/10\/20190915_161124-1024x576.jpg\" alt=\"\" width=\"625\" height=\"352\" srcset=\"https:\/\/pzw-szczawnica.pl\/wp-content\/uploads\/2019\/10\/20190915_161124-1024x576.jpg 1024w, https:\/\/pzw-szczawnica.pl\/wp-content\/uploads\/2019\/10\/20190915_161124-300x169.jpg 300w, https:\/\/pzw-szczawnica.pl\/wp-content\/uploads\/2019\/10\/20190915_161124-768x432.jpg 768w, https:\/\/pzw-szczawnica.pl\/wp-content\/uploads\/2019\/10\/20190915_161124-624x351.jpg 624w\" sizes=\"auto, (max-width: 625px) 100vw, 625px\" \/><\/p>\n<p>A oto wyniki zawod\u00f3w:<\/p>\n<p>I miejsce &#8211; <strong>Marek Krupa<\/strong> (4,51 kg)<\/p>\n<p>II miejsce &#8211; <strong>Anna Krupa i Wojciech Krupa<\/strong> (1,48 kg)<\/p>\n<p>III miejsce &#8211; <strong>Pawe\u0142 Kaput<\/strong> (1,47 kg)<\/p>\n<p><img loading=\"lazy\" decoding=\"async\" class=\"wp-image-234 size-large\" src=\"https:\/\/pzw-szczawnica.pl\/wp-content\/uploads\/2019\/10\/foto-006-1024x768.jpg\" alt=\"\" width=\"625\" height=\"469\" srcset=\"https:\/\/pzw-szczawnica.pl\/wp-content\/uploads\/2019\/10\/foto-006-1024x768.jpg 1024w, https:\/\/pzw-szczawnica.pl\/wp-content\/uploads\/2019\/10\/foto-006-300x225.jpg 300w, https:\/\/pzw-szczawnica.pl\/wp-content\/uploads\/2019\/10\/foto-006-768x576.jpg 768w, https:\/\/pzw-szczawnica.pl\/wp-content\/uploads\/2019\/10\/foto-006-624x468.jpg 624w\" sizes=\"auto, (max-width: 625px) 100vw, 625px\" \/><\/p>\n<p>IV miejsce &#8211; Piotr Krupa (0,71 kg)<\/p>\n<p>V miejsce &#8211; Andrzej R\u00f3g (0,20 kg)<\/p>\n<p>VI miejsce &#8211; Andrzej Mruk i Janusz Krupa (0,10 kg)<\/p>\n<p><img loading=\"lazy\" decoding=\"async\" class=\"alignnone wp-image-237 size-large\" src=\"https:\/\/pzw-szczawnica.pl\/wp-content\/uploads\/2019\/10\/20190915_1618531-1024x576.jpg\" alt=\"\" width=\"625\" height=\"352\" srcset=\"https:\/\/pzw-szczawnica.pl\/wp-content\/uploads\/2019\/10\/20190915_1618531-1024x576.jpg 1024w, https:\/\/pzw-szczawnica.pl\/wp-content\/uploads\/2019\/10\/20190915_1618531-300x169.jpg 300w, https:\/\/pzw-szczawnica.pl\/wp-content\/uploads\/2019\/10\/20190915_1618531-768x432.jpg 768w, https:\/\/pzw-szczawnica.pl\/wp-content\/uploads\/2019\/10\/20190915_1618531-624x351.jpg 624w\" sizes=\"auto, (max-width: 625px) 100vw, 625px\" \/><\/p>\n<p>Zapraszamy na nast\u0119pne zawody!<\/p>\n<p>&nbsp;<\/p>\n<p>&nbsp;<\/p>\n","protected":false},"excerpt":{"rendered":"<p>W dniu 15 wrze\u015bnia nasi w\u0119dkarze z Ko\u0142a brali udzia\u0142 w Gruntowych Zawodach, kt\u00f3re odbywa\u0142y si\u0119 na Stawach Ko\u0142a nr 33 w Starym S\u0105czu. W zawodach bra\u0142o udzia\u0142 8 os\u00f3b. \u0141owione ryby l\u0105dowa\u0142y w siatkach, wyj\u0105tkiem by\u0142y jesiotry, kt\u00f3re od razu po zwa\u017ceniu l\u0105dowa\u0142y w wodzie. W trakcie zawod\u00f3w w\u0119dkarze zjedli obiad. A oto wyniki [&hellip;]<\/p>\n","protected":false},"author":1,"featured_media":0,"parent":273,"menu_order":13,"comment_status":"closed","ping_status":"closed","template":"","meta":{"footnotes":""},"class_list":["post-233","page","type-page","status-publish","hentry"],"_links":{"self":[{"href":"https:\/\/pzw-szczawnica.pl\/index.php\/wp-json\/wp\/v2\/pages\/233","targetHints":{"allow":["GET"]}}],"collection":[{"href":"https:\/\/pzw-szczawnica.pl\/index.php\/wp-json\/wp\/v2\/pages"}],"about":[{"href":"https:\/\/pzw-szczawnica.pl\/index.php\/wp-json\/wp\/v2\/types\/page"}],"author":[{"embeddable":true,"href":"https:\/\/pzw-szczawnica.pl\/index.php\/wp-json\/wp\/v2\/users\/1"}],"replies":[{"embeddable":true,"href":"https:\/\/pzw-szczawnica.pl\/index.php\/wp-json\/wp\/v2\/comments?post=233"}],"version-history":[{"count":1,"href":"https:\/\/pzw-szczawnica.pl\/index.php\/wp-json\/wp\/v2\/pages\/233\/revisions"}],"predecessor-version":[{"id":238,"href":"https:\/\/pzw-szczawnica.pl\/index.php\/wp-json\/wp\/v2\/pages\/233\/revisions\/238"}],"up":[{"embeddable":true,"href":"https:\/\/pzw-szczawnica.pl\/index.php\/wp-json\/wp\/v2\/pages\/273"}],"wp:attachment":[{"href":"https:\/\/pzw-szczawnica.pl\/index.php\/wp-json\/wp\/v2\/media?parent=233"}],"curies":[{"name":"wp","href":"https:\/\/api.w.org\/{rel}","templated":true}]}}