{"id":239,"date":"2019-10-05T16:10:02","date_gmt":"2019-10-05T16:10:02","guid":{"rendered":"http:\/\/pzw-szczawnica.pl\/?page_id=239"},"modified":"2020-02-10T17:43:46","modified_gmt":"2020-02-10T17:43:46","slug":"wyniki-spinningowych-mistrzostw-kola","status":"publish","type":"page","link":"https:\/\/pzw-szczawnica.pl\/index.php\/archiwum\/2019-2\/wyniki-spinningowych-mistrzostw-kola\/","title":{"rendered":"Wyniki Spinningowych Mistrzostw Ko\u0142a"},"content":{"rendered":"<p>Dnia 29 wrze\u015bnia mia\u0142y miejsce Spinningowe Mistrzostwa Ko\u0142a PZW Szczawnica. Tym razem w\u0119dkarze \u0142owili na Jeziorze Czorszty\u0144skim. Pocz\u0105tek zawod\u00f3w by\u0142 w Zatoce Maniowy.<\/p>\n<p>Wyniki zawod\u00f3w:<\/p>\n<p>I miejsce &#8211; PIOTR KURNYTA<\/p>\n<p>II miejsce &#8211; ZYGMUNT BIENIEK<\/p>\n<p>III miejsce &#8211; JANUSZ KRUPA i MAREK KRUPA<\/p>\n<p><img loading=\"lazy\" decoding=\"async\" class=\"alignnone wp-image-240 size-large\" src=\"https:\/\/pzw-szczawnica.pl\/wp-content\/uploads\/2019\/10\/foto-023-1024x768.jpg\" alt=\"\" width=\"625\" height=\"469\" srcset=\"https:\/\/pzw-szczawnica.pl\/wp-content\/uploads\/2019\/10\/foto-023-1024x768.jpg 1024w, https:\/\/pzw-szczawnica.pl\/wp-content\/uploads\/2019\/10\/foto-023-300x225.jpg 300w, https:\/\/pzw-szczawnica.pl\/wp-content\/uploads\/2019\/10\/foto-023-768x576.jpg 768w, https:\/\/pzw-szczawnica.pl\/wp-content\/uploads\/2019\/10\/foto-023-624x468.jpg 624w\" sizes=\"auto, (max-width: 625px) 100vw, 625px\" \/><\/p>\n<p>Poza podium znalaz\u0142 si\u0119 na IV miejscu Andrzej R\u00f3g.<\/p>\n<p><img loading=\"lazy\" decoding=\"async\" class=\"wp-image-242 size-large\" src=\"https:\/\/pzw-szczawnica.pl\/wp-content\/uploads\/2019\/10\/foto-020-1024x768.jpg\" alt=\"\" width=\"625\" height=\"469\" srcset=\"https:\/\/pzw-szczawnica.pl\/wp-content\/uploads\/2019\/10\/foto-020-1024x768.jpg 1024w, https:\/\/pzw-szczawnica.pl\/wp-content\/uploads\/2019\/10\/foto-020-300x225.jpg 300w, https:\/\/pzw-szczawnica.pl\/wp-content\/uploads\/2019\/10\/foto-020-768x576.jpg 768w, https:\/\/pzw-szczawnica.pl\/wp-content\/uploads\/2019\/10\/foto-020-624x468.jpg 624w\" sizes=\"auto, (max-width: 625px) 100vw, 625px\" \/><\/p>\n","protected":false},"excerpt":{"rendered":"<p>Dnia 29 wrze\u015bnia mia\u0142y miejsce Spinningowe Mistrzostwa Ko\u0142a PZW Szczawnica. Tym razem w\u0119dkarze \u0142owili na Jeziorze Czorszty\u0144skim. Pocz\u0105tek zawod\u00f3w by\u0142 w Zatoce Maniowy. Wyniki zawod\u00f3w: I miejsce &#8211; PIOTR KURNYTA II miejsce &#8211; ZYGMUNT BIENIEK III miejsce &#8211; JANUSZ KRUPA i MAREK KRUPA Poza podium znalaz\u0142 si\u0119 na IV miejscu Andrzej R\u00f3g.<\/p>\n","protected":false},"author":1,"featured_media":0,"parent":273,"menu_order":12,"comment_status":"closed","ping_status":"closed","template":"","meta":{"footnotes":""},"class_list":["post-239","page","type-page","status-publish","hentry"],"_links":{"self":[{"href":"https:\/\/pzw-szczawnica.pl\/index.php\/wp-json\/wp\/v2\/pages\/239","targetHints":{"allow":["GET"]}}],"collection":[{"href":"https:\/\/pzw-szczawnica.pl\/index.php\/wp-json\/wp\/v2\/pages"}],"about":[{"href":"https:\/\/pzw-szczawnica.pl\/index.php\/wp-json\/wp\/v2\/types\/page"}],"author":[{"embeddable":true,"href":"https:\/\/pzw-szczawnica.pl\/index.php\/wp-json\/wp\/v2\/users\/1"}],"replies":[{"embeddable":true,"href":"https:\/\/pzw-szczawnica.pl\/index.php\/wp-json\/wp\/v2\/comments?post=239"}],"version-history":[{"count":3,"href":"https:\/\/pzw-szczawnica.pl\/index.php\/wp-json\/wp\/v2\/pages\/239\/revisions"}],"predecessor-version":[{"id":244,"href":"https:\/\/pzw-szczawnica.pl\/index.php\/wp-json\/wp\/v2\/pages\/239\/revisions\/244"}],"up":[{"embeddable":true,"href":"https:\/\/pzw-szczawnica.pl\/index.php\/wp-json\/wp\/v2\/pages\/273"}],"wp:attachment":[{"href":"https:\/\/pzw-szczawnica.pl\/index.php\/wp-json\/wp\/v2\/media?parent=239"}],"curies":[{"name":"wp","href":"https:\/\/api.w.org\/{rel}","templated":true}]}}