{"id":249,"date":"2019-10-09T08:42:24","date_gmt":"2019-10-09T08:42:24","guid":{"rendered":"http:\/\/pzw-szczawnica.pl\/?page_id=249"},"modified":"2020-02-10T17:52:09","modified_gmt":"2020-02-10T17:52:09","slug":"wyniki-zawodow-im-a-malinowskiego","status":"publish","type":"page","link":"https:\/\/pzw-szczawnica.pl\/index.php\/archiwum\/2019-2\/wyniki-zawodow-im-a-malinowskiego\/","title":{"rendered":"Wyniki Zawod\u00f3w im. A. Malinowskiego"},"content":{"rendered":"<p>Dnia 06.10 odby\u0142y si\u0119 Zawody im. A. Malinowskiego. Miejscem \u0142owienia by\u0142 Odcinek Specjalny &#8222;Dunajec&#8221;.<\/p>\n<p>Tutaj wyniki zawod\u00f3w:<\/p>\n<p>I miejsce &#8211; <em>Marek Krupa<\/em><\/p>\n<p>II miejsce &#8211; <em>Wies\u0142aw S\u0142owik<\/em><\/p>\n<p>III miejsce &#8211; <em>Zygmunt Bieniek<\/em><\/p>\n<p>&nbsp;<\/p>\n<p><img loading=\"lazy\" decoding=\"async\" class=\"alignnone wp-image-250 size-large\" src=\"https:\/\/pzw-szczawnica.pl\/wp-content\/uploads\/2019\/10\/71942508_399416424032392_3623046308517904384_n-1024x768.jpg\" alt=\"\" width=\"625\" height=\"469\" srcset=\"https:\/\/pzw-szczawnica.pl\/wp-content\/uploads\/2019\/10\/71942508_399416424032392_3623046308517904384_n-1024x768.jpg 1024w, https:\/\/pzw-szczawnica.pl\/wp-content\/uploads\/2019\/10\/71942508_399416424032392_3623046308517904384_n-300x225.jpg 300w, https:\/\/pzw-szczawnica.pl\/wp-content\/uploads\/2019\/10\/71942508_399416424032392_3623046308517904384_n-768x576.jpg 768w, https:\/\/pzw-szczawnica.pl\/wp-content\/uploads\/2019\/10\/71942508_399416424032392_3623046308517904384_n-624x468.jpg 624w\" sizes=\"auto, (max-width: 625px) 100vw, 625px\" \/><\/p>\n<p>W konkurencji rzutowej najlepsi okazali si\u0119:<\/p>\n<p>Marek Krupa<\/p>\n<p>Andrzej Zazi\u0105b\u0142<\/p>\n<p>Wies\u0142aw S\u0142owik<\/p>\n<p><img loading=\"lazy\" decoding=\"async\" class=\"alignnone wp-image-251 size-large\" src=\"https:\/\/pzw-szczawnica.pl\/wp-content\/uploads\/2019\/10\/71849097_2378317302486096_1212101008574906368_n-1024x768.jpg\" alt=\"\" width=\"625\" height=\"469\" srcset=\"https:\/\/pzw-szczawnica.pl\/wp-content\/uploads\/2019\/10\/71849097_2378317302486096_1212101008574906368_n-1024x768.jpg 1024w, https:\/\/pzw-szczawnica.pl\/wp-content\/uploads\/2019\/10\/71849097_2378317302486096_1212101008574906368_n-300x225.jpg 300w, https:\/\/pzw-szczawnica.pl\/wp-content\/uploads\/2019\/10\/71849097_2378317302486096_1212101008574906368_n-768x576.jpg 768w, https:\/\/pzw-szczawnica.pl\/wp-content\/uploads\/2019\/10\/71849097_2378317302486096_1212101008574906368_n-624x468.jpg 624w\" sizes=\"auto, (max-width: 625px) 100vw, 625px\" \/><\/p>\n<p><img loading=\"lazy\" decoding=\"async\" class=\"alignnone wp-image-252 size-large\" src=\"https:\/\/pzw-szczawnica.pl\/wp-content\/uploads\/2019\/10\/72416474_481363646043930_6429932836614045696_n-1024x768.jpg\" alt=\"\" width=\"625\" height=\"469\" srcset=\"https:\/\/pzw-szczawnica.pl\/wp-content\/uploads\/2019\/10\/72416474_481363646043930_6429932836614045696_n-1024x768.jpg 1024w, https:\/\/pzw-szczawnica.pl\/wp-content\/uploads\/2019\/10\/72416474_481363646043930_6429932836614045696_n-300x225.jpg 300w, https:\/\/pzw-szczawnica.pl\/wp-content\/uploads\/2019\/10\/72416474_481363646043930_6429932836614045696_n-768x576.jpg 768w, https:\/\/pzw-szczawnica.pl\/wp-content\/uploads\/2019\/10\/72416474_481363646043930_6429932836614045696_n-624x468.jpg 624w\" sizes=\"auto, (max-width: 625px) 100vw, 625px\" \/><\/p>\n<p><img loading=\"lazy\" decoding=\"async\" class=\"alignnone wp-image-253 size-large\" src=\"https:\/\/pzw-szczawnica.pl\/wp-content\/uploads\/2019\/10\/72471610_760457161080833_7940588532446265344_n-1024x768.jpg\" alt=\"\" width=\"625\" height=\"469\" srcset=\"https:\/\/pzw-szczawnica.pl\/wp-content\/uploads\/2019\/10\/72471610_760457161080833_7940588532446265344_n-1024x768.jpg 1024w, https:\/\/pzw-szczawnica.pl\/wp-content\/uploads\/2019\/10\/72471610_760457161080833_7940588532446265344_n-300x225.jpg 300w, https:\/\/pzw-szczawnica.pl\/wp-content\/uploads\/2019\/10\/72471610_760457161080833_7940588532446265344_n-768x576.jpg 768w, https:\/\/pzw-szczawnica.pl\/wp-content\/uploads\/2019\/10\/72471610_760457161080833_7940588532446265344_n-624x468.jpg 624w\" sizes=\"auto, (max-width: 625px) 100vw, 625px\" \/><\/p>\n","protected":false},"excerpt":{"rendered":"<p>Dnia 06.10 odby\u0142y si\u0119 Zawody im. A. Malinowskiego. Miejscem \u0142owienia by\u0142 Odcinek Specjalny &#8222;Dunajec&#8221;. Tutaj wyniki zawod\u00f3w: I miejsce &#8211; Marek Krupa II miejsce &#8211; Wies\u0142aw S\u0142owik III miejsce &#8211; Zygmunt Bieniek &nbsp; W konkurencji rzutowej najlepsi okazali si\u0119: Marek Krupa Andrzej Zazi\u0105b\u0142 Wies\u0142aw S\u0142owik<\/p>\n","protected":false},"author":1,"featured_media":0,"parent":273,"menu_order":11,"comment_status":"closed","ping_status":"closed","template":"","meta":{"footnotes":""},"class_list":["post-249","page","type-page","status-publish","hentry"],"_links":{"self":[{"href":"https:\/\/pzw-szczawnica.pl\/index.php\/wp-json\/wp\/v2\/pages\/249","targetHints":{"allow":["GET"]}}],"collection":[{"href":"https:\/\/pzw-szczawnica.pl\/index.php\/wp-json\/wp\/v2\/pages"}],"about":[{"href":"https:\/\/pzw-szczawnica.pl\/index.php\/wp-json\/wp\/v2\/types\/page"}],"author":[{"embeddable":true,"href":"https:\/\/pzw-szczawnica.pl\/index.php\/wp-json\/wp\/v2\/users\/1"}],"replies":[{"embeddable":true,"href":"https:\/\/pzw-szczawnica.pl\/index.php\/wp-json\/wp\/v2\/comments?post=249"}],"version-history":[{"count":1,"href":"https:\/\/pzw-szczawnica.pl\/index.php\/wp-json\/wp\/v2\/pages\/249\/revisions"}],"predecessor-version":[{"id":254,"href":"https:\/\/pzw-szczawnica.pl\/index.php\/wp-json\/wp\/v2\/pages\/249\/revisions\/254"}],"up":[{"embeddable":true,"href":"https:\/\/pzw-szczawnica.pl\/index.php\/wp-json\/wp\/v2\/pages\/273"}],"wp:attachment":[{"href":"https:\/\/pzw-szczawnica.pl\/index.php\/wp-json\/wp\/v2\/media?parent=249"}],"curies":[{"name":"wp","href":"https:\/\/api.w.org\/{rel}","templated":true}]}}