{"id":271,"date":"2020-02-10T17:40:42","date_gmt":"2020-02-10T17:40:42","guid":{"rendered":"http:\/\/pzw-szczawnica.pl\/?page_id=271"},"modified":"2023-04-03T21:06:03","modified_gmt":"2023-04-03T21:06:03","slug":"archiwum","status":"publish","type":"page","link":"https:\/\/pzw-szczawnica.pl\/index.php\/archiwum\/","title":{"rendered":"Archiwum"},"content":{"rendered":"<ul class=\"wp-block-page-list\"><li class=\"wp-block-pages-list__item\"><a class=\"wp-block-pages-list__item__link\" href=\"https:\/\/pzw-szczawnica.pl\/index.php\/galeria\/\">Galeria<\/a><\/li><li class=\"wp-block-pages-list__item menu-item-home\"><a class=\"wp-block-pages-list__item__link\" href=\"https:\/\/pzw-szczawnica.pl\/\">Ko\u0142o 21 PZW Szczawnica<\/a><\/li><li class=\"wp-block-pages-list__item\"><a class=\"wp-block-pages-list__item__link\" href=\"https:\/\/pzw-szczawnica.pl\/index.php\/zapraszamy-na-zawody-podlodowe-o-mistrzostwo-kola-30-01-2022r\/\">Zapraszamy na zawody podlodowe o Mistrzostwo Ko\u0142a! 30. 01.2022r<\/a><\/li><li class=\"wp-block-pages-list__item\"><a class=\"wp-block-pages-list__item__link\" href=\"https:\/\/pzw-szczawnica.pl\/index.php\/zarzad-kola\/\">Zarz\u0105d ko\u0142a<\/a><\/li><li class=\"wp-block-pages-list__item\"><a class=\"wp-block-pages-list__item__link\" href=\"https:\/\/pzw-szczawnica.pl\/index.php\/zebranie-i-oplatek-zapraszamy\/\">Zebranie i Op\u0142atek zapraszamy!<\/a><\/li><li class=\"wp-block-pages-list__item\"><a class=\"wp-block-pages-list__item__link\" href=\"https:\/\/pzw-szczawnica.pl\/index.php\/aktualnosci\/\">Aktualno\u015bci<\/a><\/li><li class=\"wp-block-pages-list__item\"><a class=\"wp-block-pages-list__item__link\" href=\"https:\/\/pzw-szczawnica.pl\/index.php\/relacje-z-zawodow\/\">Relacje z zawod\u00f3w<\/a><\/li><li class=\"wp-block-pages-list__item\"><a class=\"wp-block-pages-list__item__link\" href=\"https:\/\/pzw-szczawnica.pl\/index.php\/preliminarz-zawodow-na-2019-rok\/\">Preliminarz zawod\u00f3w<\/a><\/li><li class=\"wp-block-pages-list__item\"><a class=\"wp-block-pages-list__item__link\" href=\"https:\/\/pzw-szczawnica.pl\/index.php\/zarzad-kola\/\">Zarz\u0105d ko\u0142a<\/a><\/li><li class=\"wp-block-pages-list__item\"><a class=\"wp-block-pages-list__item__link\" href=\"https:\/\/pzw-szczawnica.pl\/index.php\/historia\/\">Historia ko\u0142a<\/a><\/li><li class=\"wp-block-pages-list__item has-child\"><a class=\"wp-block-pages-list__item__link\" href=\"https:\/\/pzw-szczawnica.pl\/index.php\/archiwum\/\">Archiwum<\/a><ul class=\"wp-block-navigation__submenu-container\"><li class=\"wp-block-pages-list__item has-child \"><a class=\"wp-block-pages-list__item__link\" href=\"https:\/\/pzw-szczawnica.pl\/index.php\/archiwum\/2019-2\/\">2019<\/a><ul class=\"wp-block-navigation__submenu-container\"><li class=\"wp-block-pages-list__item \"><a class=\"wp-block-pages-list__item__link\" href=\"https:\/\/pzw-szczawnica.pl\/index.php\/archiwum\/2019-2\/wyniki-zawodow-im-a-malinowskiego\/\">Wyniki Zawod\u00f3w im. A. Malinowskiego<\/a><\/li><li class=\"wp-block-pages-list__item \"><a class=\"wp-block-pages-list__item__link\" href=\"https:\/\/pzw-szczawnica.pl\/index.php\/archiwum\/2019-2\/wyniki-spinningowych-mistrzostw-kola\/\">Wyniki Spinningowych Mistrzostw Ko\u0142a<\/a><\/li><li class=\"wp-block-pages-list__item \"><a class=\"wp-block-pages-list__item__link\" href=\"https:\/\/pzw-szczawnica.pl\/index.php\/archiwum\/2019-2\/wyniki-gruntowych-zawodow\/\">Wyniki gruntowych zawod\u00f3w<\/a><\/li><li class=\"wp-block-pages-list__item \"><a class=\"wp-block-pages-list__item__link\" href=\"https:\/\/pzw-szczawnica.pl\/index.php\/archiwum\/2019-2\/wyniki-muchowych-mistrzostw-kola\/\">Wyniki Muchowych Mistrzostw Ko\u0142a<\/a><\/li><li class=\"wp-block-pages-list__item \"><a class=\"wp-block-pages-list__item__link\" href=\"https:\/\/pzw-szczawnica.pl\/index.php\/archiwum\/2019-2\/wyniki-z-zawodow-o-puchar-gospodarza-kola\/\">Wyniki z Zawod\u00f3w o Puchar Gospodarza Ko\u0142a<\/a><\/li><li class=\"wp-block-pages-list__item \"><a class=\"wp-block-pages-list__item__link\" href=\"https:\/\/pzw-szczawnica.pl\/index.php\/archiwum\/2019-2\/wyniki-zawodow-im-stanislawa-weglarza\/\">Wyniki Zawod\u00f3w im. Stanis\u0142awa W\u0119glarza<\/a><\/li><li class=\"wp-block-pages-list__item \"><a class=\"wp-block-pages-list__item__link\" href=\"https:\/\/pzw-szczawnica.pl\/index.php\/archiwum\/2019-2\/wyniki-gruntowych-mistrzostw-kola\/\">Wyniki Gruntowych Mistrzostw Ko\u0142a<\/a><\/li><li class=\"wp-block-pages-list__item \"><a class=\"wp-block-pages-list__item__link\" href=\"https:\/\/pzw-szczawnica.pl\/index.php\/archiwum\/2019-2\/wyniki-splawikowych-mistrzostw-kola\/\">Wyniki Sp\u0142awikowych Mistrzostw Ko\u0142a<\/a><\/li><li class=\"wp-block-pages-list__item \"><a class=\"wp-block-pages-list__item__link\" href=\"https:\/\/pzw-szczawnica.pl\/index.php\/archiwum\/2019-2\/wyniki-podlodowych-zawodow\/\">Wyniki Podlodowych Zawod\u00f3w<\/a><\/li><li class=\"wp-block-pages-list__item \"><a class=\"wp-block-pages-list__item__link\" href=\"https:\/\/pzw-szczawnica.pl\/index.php\/archiwum\/2019-2\/wyniki-podlodowych-mistrzostw-kola\/\">Wyniki Podlodowych Mistrzostw Ko\u0142a<\/a><\/li><\/ul><\/li><\/ul><\/li><li class=\"wp-block-pages-list__item\"><a class=\"wp-block-pages-list__item__link\" href=\"https:\/\/pzw-szczawnica.pl\/index.php\/kontakt\/\">Kontakt<\/a><\/li><\/ul>\n\n<ul class=\"wp-block-latest-posts__list is-grid columns-3 wp-block-latest-posts\"><li><a class=\"wp-block-latest-posts__post-title\" href=\"https:\/\/pzw-szczawnica.pl\/index.php\/2022\/01\/18\/zapraszamy-na-walne-zebranie-i-oplatek\/\">Zapraszamy na walne zebranie i Op\u0142atek.<\/a><\/li>\n<li><a class=\"wp-block-latest-posts__post-title\" href=\"https:\/\/pzw-szczawnica.pl\/index.php\/2022\/01\/17\/348\/\">Serdecznie zapraszamy.<\/a><\/li>\n<li><a class=\"wp-block-latest-posts__post-title\" href=\"https:\/\/pzw-szczawnica.pl\/index.php\/2019\/01\/06\/zapraszamy-na-nasza-strone-kola-pzw-szczawnica\/\">Zapraszamy na stron\u0119 Ko\u0142a PZW Szczawnica<\/a><\/li>\n<\/ul>","protected":false},"excerpt":{"rendered":"","protected":false},"author":1,"featured_media":0,"parent":0,"menu_order":9,"comment_status":"closed","ping_status":"closed","template":"","meta":{"footnotes":""},"class_list":["post-271","page","type-page","status-publish","hentry"],"_links":{"self":[{"href":"https:\/\/pzw-szczawnica.pl\/index.php\/wp-json\/wp\/v2\/pages\/271","targetHints":{"allow":["GET"]}}],"collection":[{"href":"https:\/\/pzw-szczawnica.pl\/index.php\/wp-json\/wp\/v2\/pages"}],"about":[{"href":"https:\/\/pzw-szczawnica.pl\/index.php\/wp-json\/wp\/v2\/types\/page"}],"author":[{"embeddable":true,"href":"https:\/\/pzw-szczawnica.pl\/index.php\/wp-json\/wp\/v2\/users\/1"}],"replies":[{"embeddable":true,"href":"https:\/\/pzw-szczawnica.pl\/index.php\/wp-json\/wp\/v2\/comments?post=271"}],"version-history":[{"count":3,"href":"https:\/\/pzw-szczawnica.pl\/index.php\/wp-json\/wp\/v2\/pages\/271\/revisions"}],"predecessor-version":[{"id":435,"href":"https:\/\/pzw-szczawnica.pl\/index.php\/wp-json\/wp\/v2\/pages\/271\/revisions\/435"}],"wp:attachment":[{"href":"https:\/\/pzw-szczawnica.pl\/index.php\/wp-json\/wp\/v2\/media?parent=271"}],"curies":[{"name":"wp","href":"https:\/\/api.w.org\/{rel}","templated":true}]}}