{"id":408,"date":"2019-01-06T20:26:45","date_gmt":"2019-01-06T20:26:45","guid":{"rendered":"http:\/\/pzw-szczawnica.pl\/?page_id=13"},"modified":"2019-01-15T20:33:13","modified_gmt":"2019-01-15T20:33:13","slug":"historia","status":"publish","type":"page","link":"https:\/\/pzw-szczawnica.pl\/index.php\/historia\/","title":{"rendered":"Historia ko\u0142a"},"content":{"rendered":"<h5 class=\"western\" align=\"JUSTIFY\"><span style=\"font-size: small;\">Ko\u0142o PZW nr 21 w Szczawnicy powsta\u0142o w roku 1976 z dzia\u0142aj\u0105cej przy PPU w Szczawnicy sekcji w\u0119dkarskiej &#8222;Pieniny&#8221; kt\u00f3rej za\u0142o\u017cycielem by\u0142 Adam Malinowski. W swojej historii Ko\u0142o liczy\u0142o od 128 do 280 cz\u0142onk\u00f3w.<\/span><\/h5>\n<h5 align=\"JUSTIFY\">Nasze Ko\u0142o od 43 lat zrzesza cz\u0142onk\u00f3w ze Szczawnicy, Kro\u015bcienka, Tylmanowej i okolic. Nasz cz\u0142onkowie dzia\u0142aj\u0105 w dziedzinie ochrony w\u00f3d, przeprowadzaj\u0105 zarybianie<br \/>\ni uczestnicz\u0105 w zawodach w\u0119dkarskich.<\/h5>\n","protected":false},"excerpt":{"rendered":"<p>Ko\u0142o PZW nr 21 w Szczawnicy powsta\u0142o w roku 1976 z dzia\u0142aj\u0105cej przy PPU w Szczawnicy sekcji w\u0119dkarskiej &#8222;Pieniny&#8221; kt\u00f3rej za\u0142o\u017cycielem by\u0142 Adam Malinowski. W swojej historii Ko\u0142o liczy\u0142o od 128 do 280 cz\u0142onk\u00f3w. Nasze Ko\u0142o od 43 lat zrzesza cz\u0142onk\u00f3w ze Szczawnicy, Kro\u015bcienka, Tylmanowej i okolic. Nasz cz\u0142onkowie dzia\u0142aj\u0105 w dziedzinie ochrony w\u00f3d, przeprowadzaj\u0105 [&hellip;]<\/p>\n","protected":false},"author":1,"featured_media":0,"parent":0,"menu_order":3,"comment_status":"closed","ping_status":"closed","template":"","meta":{"footnotes":""},"class_list":["post-408","page","type-page","status-publish","hentry"],"_links":{"self":[{"href":"https:\/\/pzw-szczawnica.pl\/index.php\/wp-json\/wp\/v2\/pages\/408","targetHints":{"allow":["GET"]}}],"collection":[{"href":"https:\/\/pzw-szczawnica.pl\/index.php\/wp-json\/wp\/v2\/pages"}],"about":[{"href":"https:\/\/pzw-szczawnica.pl\/index.php\/wp-json\/wp\/v2\/types\/page"}],"author":[{"embeddable":true,"href":"https:\/\/pzw-szczawnica.pl\/index.php\/wp-json\/wp\/v2\/users\/1"}],"replies":[{"embeddable":true,"href":"https:\/\/pzw-szczawnica.pl\/index.php\/wp-json\/wp\/v2\/comments?post=408"}],"version-history":[{"count":0,"href":"https:\/\/pzw-szczawnica.pl\/index.php\/wp-json\/wp\/v2\/pages\/408\/revisions"}],"wp:attachment":[{"href":"https:\/\/pzw-szczawnica.pl\/index.php\/wp-json\/wp\/v2\/media?parent=408"}],"curies":[{"name":"wp","href":"https:\/\/api.w.org\/{rel}","templated":true}]}}