{"id":413,"date":"2019-01-06T20:31:07","date_gmt":"2019-01-06T20:31:07","guid":{"rendered":"http:\/\/pzw-szczawnica.pl\/?page_id=20"},"modified":"2020-02-10T17:41:18","modified_gmt":"2020-02-10T17:41:18","slug":"kontakt","status":"publish","type":"page","link":"https:\/\/pzw-szczawnica.pl\/index.php\/kontakt\/","title":{"rendered":"Kontakt"},"content":{"rendered":"<p>Skarbnik Ko\u0142a PZW Szczawnica przyjmuje w Sklepie motoryzacyjno &#8211; w\u0119dkarskim w Kro\u015bcienku nad Dunajcem, Rynek 35, nr telefonu: <a data-phone=\"18 262 55 25\"><span class=\"cd\">18 262 55 25<\/span><\/a><\/p>\n<p>Sklep jest czynny od poniedzia\u0142ku do pi\u0105tku w godzinach od 8:00 do 17:00, a w sobot\u0119 od 8:00 do 14:00.<\/p>\n<p>Preferowane s\u0105 popo\u0142udniowe godziny sprzeda\u017cy znak\u00f3w PZW.<\/p>\n","protected":false},"excerpt":{"rendered":"<p>Skarbnik Ko\u0142a PZW Szczawnica przyjmuje w Sklepie motoryzacyjno &#8211; w\u0119dkarskim w Kro\u015bcienku nad Dunajcem, Rynek 35, nr telefonu: 18 262 55 25 Sklep jest czynny od poniedzia\u0142ku do pi\u0105tku w godzinach od 8:00 do 17:00, a w sobot\u0119 od 8:00 do 14:00. Preferowane s\u0105 popo\u0142udniowe godziny sprzeda\u017cy znak\u00f3w PZW.<\/p>\n","protected":false},"author":1,"featured_media":0,"parent":0,"menu_order":10,"comment_status":"closed","ping_status":"closed","template":"","meta":{"footnotes":""},"class_list":["post-413","page","type-page","status-publish","hentry"],"_links":{"self":[{"href":"https:\/\/pzw-szczawnica.pl\/index.php\/wp-json\/wp\/v2\/pages\/413","targetHints":{"allow":["GET"]}}],"collection":[{"href":"https:\/\/pzw-szczawnica.pl\/index.php\/wp-json\/wp\/v2\/pages"}],"about":[{"href":"https:\/\/pzw-szczawnica.pl\/index.php\/wp-json\/wp\/v2\/types\/page"}],"author":[{"embeddable":true,"href":"https:\/\/pzw-szczawnica.pl\/index.php\/wp-json\/wp\/v2\/users\/1"}],"replies":[{"embeddable":true,"href":"https:\/\/pzw-szczawnica.pl\/index.php\/wp-json\/wp\/v2\/comments?post=413"}],"version-history":[{"count":0,"href":"https:\/\/pzw-szczawnica.pl\/index.php\/wp-json\/wp\/v2\/pages\/413\/revisions"}],"wp:attachment":[{"href":"https:\/\/pzw-szczawnica.pl\/index.php\/wp-json\/wp\/v2\/media?parent=413"}],"curies":[{"name":"wp","href":"https:\/\/api.w.org\/{rel}","templated":true}]}}